{"id":86,"date":"2009-07-27T14:52:27","date_gmt":"2009-07-27T17:52:27","guid":{"rendered":"http:\/\/blog.sarmento.eng.br\/guia-de-navegacao-no-radio\/"},"modified":"2009-10-11T01:03:14","modified_gmt":"2009-10-11T04:03:14","slug":"guia-de-navegacao-no-radio","status":"publish","type":"page","link":"https:\/\/radio.sarmento.eng.br\/?page_id=86","title":{"rendered":"Guia do R\u00e1dio"},"content":{"rendered":"<p>Conhe\u00e7a aspectos b\u00e1sicos por\u00e9m importantes para iniciar na pr\u00e1tica da radioescuta. Informa\u00e7\u00f5es como as bandas existentes &#8211; Ondas Curtas de 25 metros por exemplo &#8211; frequ\u00eancias, hor\u00e1rios indicados para recep\u00e7\u00e3o de cada banda e conceitos b\u00e1sicos de propaga\u00e7\u00e3o das ondas de r\u00e1dio.<\/p>\n<p>Estas informa\u00e7\u00f5es s\u00e3o exemplos do que se pode encontrar neste Guia de Navega\u00e7\u00e3o no R\u00e1dio de Ondas Curtas, assim como pode-se obter informa\u00e7\u00f5es de como trocar correspond\u00eancia com as emissoras internacionais, e al\u00e9m do interc\u00e2mbio cultural, ajudar as emissoras em melhorar seus sinais atrav\u00e9s do envio de relat\u00f3rios de recep\u00e7\u00e3o padronizados mundialmente.<\/p>\n<p><strong>Hora UTC <\/strong><br \/>\nEntendendo a Hora Mundial UTC e as esta\u00e7\u00f5es de hora padr\u00e3o<\/p>\n<p><strong>Ondas de R\u00e1dio\t<\/strong><br \/>\nConhecendo as ondas Hertzianas<\/p>\n<p><strong>Esta\u00e7\u00f5es<\/strong><br \/>\nComo encontrar as esta\u00e7\u00f5es<\/p>\n<p><strong>Faixas de Ondas Curtas<\/strong><br \/>\nFaixas de ondas curtas padronizadas pelo ITU e alocadas conforme as regi\u00f5es do mundo<\/p>\n<p><strong>Receptor<\/strong><br \/>\nEscolha o melhor receptor<\/p>\n<p><strong>O que \u00e9 Propaga\u00e7\u00e3o<\/strong><br \/>\nIntrodu\u00e7\u00e3o a propaga\u00e7\u00e3o das ondas de r\u00e1dio<\/p>\n<p><strong>Esta\u00e7\u00f5es do Ano<\/strong><br \/>\nAs Esta\u00e7\u00f5es do Ano e a Propaga\u00e7\u00e3o das Ondas de R\u00e1dio<\/p>\n<p><strong>Propaga\u00e7\u00e3o Ionosfera<\/strong><br \/>\nPropaga\u00e7\u00e3o Ionosf\u00e9rica das ondas de r\u00e1dio<\/p>\n<p><strong>Antenas<\/strong><br \/>\nAntenas para seu receptor de ondas curtas<\/p>\n<p><strong>Loop Quadro OM<\/strong><br \/>\nAntena loop de quadro eficiente para Ondas M\u00e9dias<\/p>\n<p><strong>Loop Ferrite RGP3<\/strong><br \/>\nAntena de ferrite para Ondas M\u00e9dias e Longas<\/p>\n<p><strong>Loop Coaxial Blindada<\/strong><br \/>\nAntena de Ondas Curtas e Tropicais para espa\u00e7os limitados<\/p>\n<p><strong>Modula\u00e7\u00e3o<\/strong><br \/>\nO que \u00e9 modula\u00e7\u00e3o e que modos s\u00e3o utilizados<\/p>\n<p><strong>Interfer\u00eancia<\/strong><br \/>\nTipos de interfer\u00eancia que afetam a recep\u00e7\u00e3o<\/p>\n<p><strong>Informe de Recep\u00e7\u00e3o<\/strong><br \/>\nIdentifica\u00e7\u00e3o de esta\u00e7\u00f5es e envio de informes de recep\u00e7\u00e3o<\/p>\n<p><strong>C\u00f3digo Q<\/strong><br \/>\nC\u00f3digo Q reconhecido pelo Minist\u00e9rio das Comunica\u00e7\u00f5es<\/p>\n<p><strong>\u00cdndices Geof\u00edsicos<\/strong><br \/>\n\u00cdndices geof\u00edsicos da propaga\u00e7\u00e3o das ondas de r\u00e1dio em tempo real<\/p>\n<p><a href=\"https:\/\/www.sarmento.eng.br\/\"><img decoding=\"async\" src=\"https:\/\/www.sarmento.eng.br\/Figuras\/navegaralta.jpg\" alt=\"Guia de Navega\u00e7\u00e3o nas Ondas Curtas do R\u00e1dio\" \/><\/a><br \/>\n<em><strong>Guia de Navega\u00e7\u00e3o nas Ondas Curtas do R\u00e1dio<\/strong><\/em><\/p>\n<p>Acesse a p\u00e1gina principal do Projeto Radioescuta e boa navega\u00e7\u00e3o ! <\/p>\n<p><a href=\"https:\/\/www.sarmento.eng.br\"><img decoding=\"async\" src=\"https:\/\/www.sarmento.eng.br\/Gifs\/sarmento-eng.jpg\" alt=\"P\u00e1gina Principal do Projeto Radioescuta de Sarmento Campos\" \/><\/a><\/p>\n<p><code><script type=\"text\/javascript\">\nvar gaJsHost = ((\"https:\" == document.location.protocol) ? \"https:\/\/ssl.\" : \"http:\/\/www.\");\ndocument.write(unescape(\"%3Cscript src='\" + gaJsHost + \"google-analytics.com\/ga.js' type='text\/javascript'%3E%3C\/script%3E\"));\n<\/script><\/p>\n<p><script type=\"text\/javascript\">\ntry {var pageTracker = _gat._getTracker(\"UA-7192117-1\");\npageTracker._trackPageview();\n} catch(err) {};\n<\/script><br \/>\n<\/code><\/p>\n","protected":false},"excerpt":{"rendered":"<p>Conhe\u00e7a aspectos b\u00e1sicos por\u00e9m importantes para iniciar na pr\u00e1tica da radioescuta. Informa\u00e7\u00f5es como as bandas existentes &#8211; Ondas Curtas de 25 metros por exemplo &#8211; frequ\u00eancias, hor\u00e1rios indicados para recep\u00e7\u00e3o de cada banda e conceitos b\u00e1sicos de propaga\u00e7\u00e3o das ondas &hellip; <a href=\"https:\/\/radio.sarmento.eng.br\/?page_id=86\">Continue reading <span class=\"meta-nav\">&rarr;<\/span><\/a><\/p>\n","protected":false},"author":1,"featured_media":0,"parent":0,"menu_order":0,"comment_status":"open","ping_status":"open","template":"","meta":{"footnotes":""},"class_list":["post-86","page","type-page","status-publish","hentry"],"_links":{"self":[{"href":"https:\/\/radio.sarmento.eng.br\/index.php?rest_route=\/wp\/v2\/pages\/86","targetHints":{"allow":["GET"]}}],"collection":[{"href":"https:\/\/radio.sarmento.eng.br\/index.php?rest_route=\/wp\/v2\/pages"}],"about":[{"href":"https:\/\/radio.sarmento.eng.br\/index.php?rest_route=\/wp\/v2\/types\/page"}],"author":[{"embeddable":true,"href":"https:\/\/radio.sarmento.eng.br\/index.php?rest_route=\/wp\/v2\/users\/1"}],"replies":[{"embeddable":true,"href":"https:\/\/radio.sarmento.eng.br\/index.php?rest_route=%2Fwp%2Fv2%2Fcomments&post=86"}],"version-history":[{"count":0,"href":"https:\/\/radio.sarmento.eng.br\/index.php?rest_route=\/wp\/v2\/pages\/86\/revisions"}],"wp:attachment":[{"href":"https:\/\/radio.sarmento.eng.br\/index.php?rest_route=%2Fwp%2Fv2%2Fmedia&parent=86"}],"curies":[{"name":"wp","href":"https:\/\/api.w.org\/{rel}","templated":true}]}}