{"id":7,"date":"2009-01-05T00:34:19","date_gmt":"2009-01-05T02:34:19","guid":{"rendered":"http:\/\/blog.sarmento.eng.br\/apresentacao\/"},"modified":"2018-02-01T11:48:52","modified_gmt":"2018-02-01T14:48:52","slug":"apresentacao","status":"publish","type":"page","link":"https:\/\/radio.sarmento.eng.br\/?page_id=7","title":{"rendered":"Radio e Telecomunica\u00e7\u00f5es"},"content":{"rendered":"<p><strong>O saud\u00e1vel e cultural hobby da radioescuta<\/strong><\/p>\n<p>Em um mundo com grande diversidade de meios de comunica\u00e7\u00e3o e atualmente, sob a influ\u00eancia e abrang\u00eancia cada vez maior da Internet, \u00e9 interessante notar que a radio difus\u00e3o internacional ainda possui grande relev\u00e2ncia no mundo. <\/p>\n<p>Em um mundo que vivenciou duas grandes guerras mundiais, onde a partir da segunda o r\u00e1dio desempenhou um papel fundamental e decisivo, n\u00e3o s\u00f3 na divulga\u00e7\u00e3o de not\u00edcias e integra\u00e7\u00e3o entre pa\u00edses e continentes, mas como forma de propaganda ideol\u00f3gica e defesa irrrestrita de seus interesses, \u00e9 importante ressaltar que apesar das mudan\u00e7as globais recentes, o r\u00e1dio n\u00e3o est\u00e1 extinto.<\/p>\n<p>Pelo contr\u00e1rio, ap\u00f3s as grandes guerras, outra sinistra se prolongou at\u00e9 fins da d\u00e9cada de 80, a chamada guerra fria. E para quem pensa que vivemos um mundo de paz, sem conflitos armados, se engana mais um vez, pois basta observar que nunca na hist\u00f3ria moderna presenciamos tantos conflitos regionais, onde o r\u00e1dio continua sendo um importante vetor de comunica\u00e7\u00e3o e utilidade p\u00fablica.<\/p>\n<p>O hobby da radioescuta \u00e9 basicamente a atividade de se sintonizar emissoras distantes, n\u00e3o s\u00f3 no nosso idioma nativo, mas em outros idiomas conhecidos, como o ingl\u00eas e espanhol, mas tantos outros conhecidos por\u00e9m incompreendidos, como o \u00e1rabe, o chin\u00eas, o japon\u00eas e outros tantos mais.<\/p>\n<p>Com um simples r\u00e1dio port\u00e1til, e alguns conhecimentos b\u00e1sicos, podemos sintonizar o mundo sem sair de casa gastando praticamente nada, e ainda conhecermos outras opini\u00f5es, informa\u00e7\u00f5es que n\u00e3o s\u00e3o divulgadas pela m\u00eddia local, e uma variedade de conhecimentos e cultura geral muito interessante.<\/p>\n<p><code><script type=\"text\/javascript\">\nvar gaJsHost = ((\"https:\" == document.location.protocol) ? \"https:\/\/ssl.\" : \"http:\/\/www.\");\ndocument.write(unescape(\"%3Cscript src='\" + gaJsHost + \"google-analytics.com\/ga.js' type='text\/javascript'%3E%3C\/script%3E\"));\n<\/script><\/p>\n<p><script type=\"text\/javascript\">\ntry {var pageTracker = _gat._getTracker(\"UA-7192117-1\");\npageTracker._trackPageview();\n} catch(err) {};\n<\/script><br \/>\n<\/code><\/p>\n","protected":false},"excerpt":{"rendered":"<p>O saud\u00e1vel e cultural hobby da radioescuta Em um mundo com grande diversidade de meios de comunica\u00e7\u00e3o e atualmente, sob a influ\u00eancia e abrang\u00eancia cada vez maior da Internet, \u00e9 interessante notar que a radio difus\u00e3o internacional ainda possui grande &hellip; <a href=\"https:\/\/radio.sarmento.eng.br\/?page_id=7\">Continue reading <span class=\"meta-nav\">&rarr;<\/span><\/a><\/p>\n","protected":false},"author":1,"featured_media":0,"parent":0,"menu_order":0,"comment_status":"open","ping_status":"open","template":"","meta":{"footnotes":""},"class_list":["post-7","page","type-page","status-publish","hentry"],"_links":{"self":[{"href":"https:\/\/radio.sarmento.eng.br\/index.php?rest_route=\/wp\/v2\/pages\/7","targetHints":{"allow":["GET"]}}],"collection":[{"href":"https:\/\/radio.sarmento.eng.br\/index.php?rest_route=\/wp\/v2\/pages"}],"about":[{"href":"https:\/\/radio.sarmento.eng.br\/index.php?rest_route=\/wp\/v2\/types\/page"}],"author":[{"embeddable":true,"href":"https:\/\/radio.sarmento.eng.br\/index.php?rest_route=\/wp\/v2\/users\/1"}],"replies":[{"embeddable":true,"href":"https:\/\/radio.sarmento.eng.br\/index.php?rest_route=%2Fwp%2Fv2%2Fcomments&post=7"}],"version-history":[{"count":1,"href":"https:\/\/radio.sarmento.eng.br\/index.php?rest_route=\/wp\/v2\/pages\/7\/revisions"}],"predecessor-version":[{"id":1988,"href":"https:\/\/radio.sarmento.eng.br\/index.php?rest_route=\/wp\/v2\/pages\/7\/revisions\/1988"}],"wp:attachment":[{"href":"https:\/\/radio.sarmento.eng.br\/index.php?rest_route=%2Fwp%2Fv2%2Fmedia&parent=7"}],"curies":[{"name":"wp","href":"https:\/\/api.w.org\/{rel}","templated":true}]}}